{"id":11,"date":"2014-07-04T01:50:39","date_gmt":"2014-07-03T23:50:39","guid":{"rendered":"http:\/\/k-s-optics.de\/?page_id=11"},"modified":"2019-02-16T13:19:25","modified_gmt":"2019-02-16T11:19:25","slug":"ueber-uns","status":"publish","type":"page","link":"https:\/\/www.k-s-optics.de\/de\/ueber-uns\/","title":{"rendered":"\u00dcber uns"},"content":{"rendered":"<p><div class=\"wpb_row vc_row-fluid\">\n\t<div class=\"vc_span6 wpb_column column_container\">\n\t\t<div class=\"wpb_wrapper\">\n\t\t\t\n\t<div class=\"wpb_text_column wpb_content_element \">\n\t\t<div class=\"wpb_wrapper\">\n\t\t\t<p>Wir haben unser Unternehmen am 1. Juli 2002 gegr\u00fcndet. Ausschlaggebend f\u00fcr diesen Schritt war der Wunsch, uns wieder den &#8222;interessanteren Dingen&#8220; in der Optik zu widmen. Unser Schwerpunkt ist die Entwicklung optischer Systeme f\u00fcr Abbildung, Beobachtung und Beleuchtung. Unser Ansatz besteht darin, die unterschiedlichen Erfahrungen, die wir in langj\u00e4hriger T\u00e4tigkeit in verschiedenen Unternehmen der optischen Industrie gewonnen haben, zusammenzuf\u00fchren. Aufgrund dieser Erfahrungen sehen wir uns nicht nur f\u00fcr die Entwicklung von Standardsystemen gut ger\u00fcstet, sondern auch, wenn es gilt, ausgetretene Pfade zu verlassen und innovative L\u00f6sungen zu finden.<\/p>\n\n\t\t<\/div> \n\t<\/div> \n\t\t<\/div> \n\t<\/div> \n\n\t<div class=\"vc_span6 wpb_column column_container\">\n\t\t<div class=\"wpb_wrapper\">\n\t\t\t\n\t<div class=\"wpb_single_image wpb_content_element vc_align_left\">\n\t\t<div class=\"wpb_wrapper\">\n\t\t\t\n\t\t\t<img loading=\"lazy\" decoding=\"async\" width=\"800\" height=\"533\" src=\"https:\/\/www.k-s-optics.de\/wp-content\/uploads\/2014\/07\/ks-006-def.jpg\" class=\" vc_box_border_grey attachment-large\" alt=\"\" srcset=\"https:\/\/www.k-s-optics.de\/wp-content\/uploads\/2014\/07\/ks-006-def.jpg 800w, https:\/\/www.k-s-optics.de\/wp-content\/uploads\/2014\/07\/ks-006-def-300x199.jpg 300w\" sizes=\"auto, (max-width: 800px) 100vw, 800px\" \/>\n\t\t<\/div> \n\t<\/div> \n\t\t<\/div> \n\t<\/div> \n<\/div><div class=\"wpb_row vc_row-fluid\">\n\t<div class=\"vc_span6 wpb_column column_container\">\n\t\t<div class=\"wpb_wrapper\">\n\t\t\t\n\t<div class=\"wpb_single_image wpb_content_element vc_align_left\">\n\t\t<div class=\"wpb_wrapper\">\n\t\t\t\n\t\t\t<img loading=\"lazy\" decoding=\"async\" width=\"900\" height=\"600\" src=\"https:\/\/www.k-s-optics.de\/wp-content\/uploads\/2014\/07\/ks-003-def.jpg\" class=\" vc_box_border_grey attachment-large\" alt=\"\" srcset=\"https:\/\/www.k-s-optics.de\/wp-content\/uploads\/2014\/07\/ks-003-def.jpg 900w, https:\/\/www.k-s-optics.de\/wp-content\/uploads\/2014\/07\/ks-003-def-300x200.jpg 300w\" sizes=\"auto, (max-width: 900px) 100vw, 900px\" \/>\n\t\t<\/div> \n\t<\/div> \n\t\t<\/div> \n\t<\/div> \n\n\t<div class=\"vc_span6 wpb_column column_container\">\n\t\t<div class=\"wpb_wrapper\">\n\t\t\t\n\t<div class=\"wpb_text_column wpb_content_element \">\n\t\t<div class=\"wpb_wrapper\">\n\t\t\t<p>Unsere Leistung besteht in der Auslegung, Entwicklung und Realisierung optischer Systeme. Dabei arbeiten wir eng mit unseren Auftraggebern zusammen um sowohl hinsichtlich der Technik wie auch der Kosten ma\u00dfgeschneiderte Ergebnisse zu erhalten. Durch die Zusammenarbeit mit erfahrenen Partnern k\u00f6nnen wir Ihnen auch die Konstruktion und Realisierung der von uns entwickelten Systeme anbieten. In Kooperation mit langj\u00e4hrigen Partnern verf\u00fcgen wir \u00fcber verschiedene Messmittel, so dass wir auch die Qualit\u00e4tskontrolle durchf\u00fchren k\u00f6nnen.<\/p>\n\n\t\t<\/div> \n\t<\/div> \n\t\t<\/div> \n\t<\/div> \n<\/div><div class=\"wpb_row vc_row-fluid\">\n\t<div class=\"vc_span12 wpb_column column_container\">\n\t\t<div class=\"wpb_wrapper\">\n\t\t\t<div class=\"vc_separator wpb_content_element vc_el_width_100 vc_sep_color_grey\">\n\t<span class=\"vc_sep_holder vc_sep_holder_l\"><span style=\"border-color:#333333;\" class=\"vc_sep_line\"><\/span><\/span>\n\t\t<span class=\"vc_sep_holder vc_sep_holder_r\"><span style=\"border-color:#333333;\" class=\"vc_sep_line\"><\/span><\/span>\n<\/div>\n\n\n\t\t<\/div> \n\t<\/div> \n<\/div><div class=\"wpb_row vc_row-fluid\">\n\t<div class=\"vc_span6 wpb_column column_container\">\n\t\t<div class=\"wpb_wrapper\">\n\t\t\t\n\t<div class=\"wpb_single_image wpb_content_element vc_align_left\">\n\t\t<div class=\"wpb_wrapper\">\n\t\t\t\n\t\t\t<img loading=\"lazy\" decoding=\"async\" width=\"791\" height=\"791\" src=\"https:\/\/www.k-s-optics.de\/wp-content\/uploads\/2014\/07\/ks-006.jpg\" class=\" vc_box_border_grey attachment-large\" alt=\"\" srcset=\"https:\/\/www.k-s-optics.de\/wp-content\/uploads\/2014\/07\/ks-006.jpg 791w, https:\/\/www.k-s-optics.de\/wp-content\/uploads\/2014\/07\/ks-006-150x150.jpg 150w, https:\/\/www.k-s-optics.de\/wp-content\/uploads\/2014\/07\/ks-006-300x300.jpg 300w\" sizes=\"auto, (max-width: 791px) 100vw, 791px\" \/>\n\t\t<\/div> \n\t<\/div> \n\t\t<\/div> \n\t<\/div> \n\n\t<div class=\"vc_span6 wpb_column column_container\">\n\t\t<div class=\"wpb_wrapper\">\n\t\t\t\n\t<div class=\"wpb_text_column wpb_content_element \">\n\t\t<div class=\"wpb_wrapper\">\n\t\t\t<h1>Lothar K\u00f6lsch<\/h1>\n\n\t\t<\/div> \n\t<\/div> \n\t<div class=\"wpb_accordion wpb_content_element  not-column-inherit\" data-collapsible=yes data-active-tab=\"2\">\n\t\t<div class=\"wpb_wrapper wpb_accordion_wrapper ui-accordion\">\n\t\t\t\n\t\t\t<div class=\"wpb_accordion_section group\">\n\t\t\t\t<h3 class=\"wpb_accordion_header ui-accordion-header\"><a href=\"#erfahrung\">Erfahrung<\/a><\/h3>\n\t\t\t\t<div class=\"wpb_accordion_content ui-accordion-content vc_clearfix\">\n\t\t\t\t\n\t<div class=\"wpb_text_column wpb_content_element \">\n\t\t<div class=\"wpb_wrapper\">\n\t\t\t<p><strong>Von 2002 bis 2013<\/strong> Partner der K\u00f6lsch + Schr\u00f6der PartG f\u00fcr Optikentwicklung<br \/>\nmit den Schwerpunkten: Objektiventwicklung (f\u00fcr alle Sensorformate) \u2013 Sportoptik (Ferngl\u00e4ser, Spektive, Zielfernrohre) \u2013 Mess- und Pr\u00fcfsysteme (Interferometer Objektive, Messobjektive f\u00fcr den UV \u2013 Bereich) \u2013 Mikroskop Objektive.<\/p>\n<p><strong>Ab 2008<\/strong> zus\u00e4tzlich Gesch\u00e4ftsf\u00fchrer der K\u00f6lsch + Schr\u00f6der Optische Systeme GmbH<\/p>\n<p><strong>Von 1999 bis 2002<\/strong> Bereichsleiter bei Leica Camera AG Forschung + Entwicklung. Zu dem Verantwortungsbereich geh\u00f6rten die Abteilungen:<br \/>\n&#8211; Optikentwicklung \/ Mechanische Konstruktion Objektive<br \/>\n&#8211; Elektronikentwicklung, Electronic Imaging<br \/>\n&#8211; Sportoptik ( Beobachtungssysteme )<br \/>\n&#8211; Kameraentwicklung<br \/>\n&#8211; CAD, Zeichnungsverwaltung<\/p>\n<p><strong>Ab 1997<\/strong> zus\u00e4tzlich bei Leica Camera Leitung der Kameraentwicklung<\/p>\n<p><strong>Ab 1992<\/strong> zus\u00e4tzlich bei Leica Camera Leitung der Objektivkonstruktion. Entwicklung und Projektleitung der verschiedensten Produkte (Objektive, Ferngl\u00e4ser, Okulare, Beleuchtungssysteme). Betreuung der Produkte in der Fertigung. Ausarbeitung strategischer Konzepte f\u00fcr das Objektiv- und Sportoptikprogramm (Ferngl\u00e4ser, Spektive).<\/p>\n<p><strong>1990<\/strong> Wechsel zur Leica Camera GmbH, sp\u00e4ter Leica Camera AG. Aufbau der Optikentwicklung, der Messtechnik der Asph\u00e4rentechnologie und Ausbildung der Mitarbeiter auf dem Gebiet der Optikentwicklung.<\/p>\n<p><strong>Ab 1986<\/strong> Leiter der Optikentwicklung Foto der Wild Leitz Wetzlar GmbH. Entwicklung von Photoobjektiven mit dem Schwerpunkt Zoom &#8211; Objektive und Beobachtungssysteme.<\/p>\n<p><strong>Ab 1979<\/strong> als Optikkonstrukteur in der Optikentwicklung der Firma Carl Zeiss Oberkochen mit den Schwer-punkten: Erarbeitung der theoretischen Grundlagen von Zoom \u2013 Objektiven und Entwicklung optischer Systeme.<\/p>\n<p>Studienabschluss <strong>1978<\/strong> als Diplom-Ingenieur FH.<\/p>\n\n\t\t<\/div> \n\t<\/div> \n\t\t\t\t<\/div>\n\t\t\t<\/div> \n\n\t\t\t<div class=\"wpb_accordion_section group\">\n\t\t\t\t<h3 class=\"wpb_accordion_header ui-accordion-header\"><a href=\"#kontakt\">Kontakt<\/a><\/h3>\n\t\t\t\t<div class=\"wpb_accordion_content ui-accordion-content vc_clearfix\">\n\t\t\t\t\n\t<div class=\"wpb_text_column wpb_content_element \">\n\t\t<div class=\"wpb_wrapper\">\n\t\t\t<p><strong>Dipl. Ing. Lothar K\u00f6lsch<\/strong><\/p>\n<p>Tel: +49-(0)-2737 &#8211; 2 18 55 00<\/p>\n<p>Fax: +49-(0)-2737 &#8211; 2 18 55 01<\/p>\n<p>E-Mail: <a href=\"mailto:lk@k-s-optics.de\">lk@k-s-optics.de<\/a><\/p>\n\n\t\t<\/div> \n\t<\/div> \n\t\t\t\t<\/div>\n\t\t\t<\/div> \n\n\t\t<\/div> \n\t<\/div> \n\t\t<\/div> \n\t<\/div> \n<\/div><\/p>","protected":false},"excerpt":{"rendered":"Wir haben unser Unternehmen am 1. Juli 2002 gegr\u00fcndet. Ausschlaggebend f\u00fcr diesen Schritt war der Wunsch, uns wieder den \"interessanteren Dingen\" in der Optik zu widmen. Unser Schwerpunkt ist die Entwicklung optischer Systeme f\u00fcr Abbildung, Beobachtung und Beleuchtung. Unser Ansatz besteht darin, die unterschiedlichen Erfahrungen, die wir in langj\u00e4hriger T\u00e4tigkeit in verschiedenen Unternehmen der optischen Industrie gewonnen haben, zusammenzuf\u00fchren. Aufgrund dieser Erfahrungen sehen wir uns nicht nur f\u00fcr die Entwicklung von Standardsystemen gut ger\u00fcstet, sondern auch, wenn es gilt, ausgetretene Pfade zu verlassen und innovative L\u00f6sungen zu finden. Unsere Leistung besteht in der Auslegung, Entwicklung und Realisierung optischer Systeme. Dabei arbeiten wir eng mit unseren Auftraggebern zusammen um sowohl hinsichtlich der Technik wie auch der Kosten ma\u00dfgeschneiderte Ergebnisse zu erhalten. Durch die Zusammenarbeit mit erfahrenen Partnern k\u00f6nnen wir Ihnen auch die Konstruktion und Realisierung der von uns entwickelten Systeme anbieten. In Kooperation mit langj\u00e4hrigen Partnern verf\u00fcgen wir \u00fcber verschiedene Messmittel, so dass wir auch die Qualit\u00e4tskontrolle durchf\u00fchren k\u00f6nnen. Lothar K\u00f6lsch Erfahrung Von 2002 bis 2013 Partner der K\u00f6lsch + Schr\u00f6der PartG f\u00fcr Optikentwicklung mit den Schwerpunkten: Objektiventwicklung (f\u00fcr alle Sensorformate) \u2013 Sportoptik (Ferngl\u00e4ser, Spektive, Zielfernrohre) \u2013 Mess- und Pr\u00fcfsysteme (Interferometer Objektive, Messobjektive f\u00fcr den UV \u2013 Bereich) \u2013 Mikroskop Objektive. [...]","protected":false},"author":1,"featured_media":0,"parent":0,"menu_order":0,"comment_status":"closed","ping_status":"closed","template":"","meta":{"footnotes":""},"class_list":["post-11","page","type-page","status-publish","hentry"],"_links":{"self":[{"href":"https:\/\/www.k-s-optics.de\/de\/wp-json\/wp\/v2\/pages\/11","targetHints":{"allow":["GET"]}}],"collection":[{"href":"https:\/\/www.k-s-optics.de\/de\/wp-json\/wp\/v2\/pages"}],"about":[{"href":"https:\/\/www.k-s-optics.de\/de\/wp-json\/wp\/v2\/types\/page"}],"author":[{"embeddable":true,"href":"https:\/\/www.k-s-optics.de\/de\/wp-json\/wp\/v2\/users\/1"}],"replies":[{"embeddable":true,"href":"https:\/\/www.k-s-optics.de\/de\/wp-json\/wp\/v2\/comments?post=11"}],"version-history":[{"count":0,"href":"https:\/\/www.k-s-optics.de\/de\/wp-json\/wp\/v2\/pages\/11\/revisions"}],"wp:attachment":[{"href":"https:\/\/www.k-s-optics.de\/de\/wp-json\/wp\/v2\/media?parent=11"}],"curies":[{"name":"wp","href":"https:\/\/api.w.org\/{rel}","templated":true}]}}