{"id":17,"date":"2014-07-04T01:51:33","date_gmt":"2014-07-03T23:51:33","guid":{"rendered":"http:\/\/k-s-optics.de\/?page_id=17"},"modified":"2019-02-24T17:28:05","modified_gmt":"2019-02-24T15:28:05","slug":"impressum","status":"publish","type":"page","link":"https:\/\/www.k-s-optics.de\/de\/impressum\/","title":{"rendered":"Impressum"},"content":{"rendered":"<p><div class=\"wpb_row vc_row-fluid\">\n\t<div class=\"vc_span12 wpb_column column_container\">\n\t\t<div class=\"wpb_wrapper\">\n\t\t\t\n\t<div class=\"wpb_text_column wpb_content_element \">\n\t\t<div class=\"wpb_wrapper\">\n\t\t\t<h1>K+S optics Ingenieurb\u00fcro f\u00fcr Optikentwicklung<\/h1>\n<p><strong>Inhaber:<\/strong><br \/>\nLothar K\u00f6lsch<\/p>\n<p>Steuernr.: 342\/5164\/2680<br \/>\nUmsatzsteuer-ID-Nr. DE 815475754<\/p>\n<p><strong>Sitz der Gesellschaft:<\/strong><br \/>\nB\u00fcrgerstra\u00dfe 22<br \/>\n57234 Wilnsdorf<\/p>\n<p><strong>Kontakt<\/strong><br \/>\nTel: +49-(0)-2737 &#8211; 2 18 55 00<br \/>\nFAX: +49-(0)-2737 &#8211; 2 18 55 01<br \/>\nE-Mail: lk@k-s-optics.de<\/p>\n\n\t\t<\/div> \n\t<\/div> \n\t\t<\/div> \n\t<\/div> \n<\/div><\/p>","protected":false},"excerpt":{"rendered":"K+S optics Ingenieurb\u00fcro f\u00fcr Optikentwicklung Inhaber: Lothar K\u00f6lsch Steuernr.: 342\/5164\/2680 Umsatzsteuer-ID-Nr. DE 815475754 Sitz der Gesellschaft: B\u00fcrgerstra\u00dfe 22 57234 Wilnsdorf Kontakt Tel: +49-(0)-2737 - 2 18 55 00 FAX: +49-(0)-2737 - 2 18 55 01 E-Mail: lk@k-s-optics.de","protected":false},"author":1,"featured_media":0,"parent":0,"menu_order":0,"comment_status":"closed","ping_status":"closed","template":"","meta":{"footnotes":""},"class_list":["post-17","page","type-page","status-publish","hentry"],"_links":{"self":[{"href":"https:\/\/www.k-s-optics.de\/de\/wp-json\/wp\/v2\/pages\/17","targetHints":{"allow":["GET"]}}],"collection":[{"href":"https:\/\/www.k-s-optics.de\/de\/wp-json\/wp\/v2\/pages"}],"about":[{"href":"https:\/\/www.k-s-optics.de\/de\/wp-json\/wp\/v2\/types\/page"}],"author":[{"embeddable":true,"href":"https:\/\/www.k-s-optics.de\/de\/wp-json\/wp\/v2\/users\/1"}],"replies":[{"embeddable":true,"href":"https:\/\/www.k-s-optics.de\/de\/wp-json\/wp\/v2\/comments?post=17"}],"version-history":[{"count":0,"href":"https:\/\/www.k-s-optics.de\/de\/wp-json\/wp\/v2\/pages\/17\/revisions"}],"wp:attachment":[{"href":"https:\/\/www.k-s-optics.de\/de\/wp-json\/wp\/v2\/media?parent=17"}],"curies":[{"name":"wp","href":"https:\/\/api.w.org\/{rel}","templated":true}]}}