{"id":11,"date":"2014-07-04T01:50:39","date_gmt":"2014-07-03T23:50:39","guid":{"rendered":"http:\/\/k-s-optics.de\/?page_id=11"},"modified":"2019-02-16T13:19:25","modified_gmt":"2019-02-16T11:19:25","slug":"ueber-uns","status":"publish","type":"page","link":"https:\/\/www.k-s-optics.de\/en\/ueber-uns\/","title":{"rendered":"About"},"content":{"rendered":"<p><div class=\"wpb_row vc_row-fluid\">\n\t<div class=\"vc_span6 wpb_column column_container\">\n\t\t<div class=\"wpb_wrapper\">\n\t\t\t\n\t<div class=\"wpb_text_column wpb_content_element \">\n\t\t<div class=\"wpb_wrapper\">\n\t\t\t<p>We started our company on July 1st, 2002. This decision was triggered off by the wish to return to the \u201cmore interesting things\u201d in optics. Our work focuses on the design of lenses for applications in the fields of imaging, observation and illumination. Our approach is to bring together the personal experience that we have gained during many years of work in different companies in the field of optics. On the basis of this experience we feel well prepared not only for standard problems but also for tasks that make it necessary to leave the beaten track and find novel solutions.<\/p>\n\n\t\t<\/div> \n\t<\/div> \n\t\t<\/div> \n\t<\/div> \n\n\t<div class=\"vc_span6 wpb_column column_container\">\n\t\t<div class=\"wpb_wrapper\">\n\t\t\t\n\t<div class=\"wpb_single_image wpb_content_element vc_align_left\">\n\t\t<div class=\"wpb_wrapper\">\n\t\t\t\n\t\t\t<img loading=\"lazy\" decoding=\"async\" width=\"800\" height=\"533\" src=\"https:\/\/www.k-s-optics.de\/wp-content\/uploads\/2014\/07\/ks-006-def.jpg\" class=\" vc_box_border_grey attachment-large\" alt=\"\" srcset=\"https:\/\/www.k-s-optics.de\/wp-content\/uploads\/2014\/07\/ks-006-def.jpg 800w, https:\/\/www.k-s-optics.de\/wp-content\/uploads\/2014\/07\/ks-006-def-300x199.jpg 300w\" sizes=\"auto, (max-width: 800px) 100vw, 800px\" \/>\n\t\t<\/div> \n\t<\/div> \n\t\t<\/div> \n\t<\/div> \n<\/div><div class=\"wpb_row vc_row-fluid\">\n\t<div class=\"vc_span6 wpb_column column_container\">\n\t\t<div class=\"wpb_wrapper\">\n\t\t\t\n\t<div class=\"wpb_single_image wpb_content_element vc_align_left\">\n\t\t<div class=\"wpb_wrapper\">\n\t\t\t\n\t\t\t<img loading=\"lazy\" decoding=\"async\" width=\"900\" height=\"600\" src=\"https:\/\/www.k-s-optics.de\/wp-content\/uploads\/2014\/07\/ks-003-def.jpg\" class=\" vc_box_border_grey attachment-large\" alt=\"\" srcset=\"https:\/\/www.k-s-optics.de\/wp-content\/uploads\/2014\/07\/ks-003-def.jpg 900w, https:\/\/www.k-s-optics.de\/wp-content\/uploads\/2014\/07\/ks-003-def-300x200.jpg 300w\" sizes=\"auto, (max-width: 900px) 100vw, 900px\" \/>\n\t\t<\/div> \n\t<\/div> \n\t\t<\/div> \n\t<\/div> \n\n\t<div class=\"vc_span6 wpb_column column_container\">\n\t\t<div class=\"wpb_wrapper\">\n\t\t\t\n\t<div class=\"wpb_text_column wpb_content_element \">\n\t\t<div class=\"wpb_wrapper\">\n\t\t\t<p>Our service is the layout, design and realization of optical systems. The development is done in close cooperation with the customer in order to achieve tailor-made solutions that are optimum with regard to technical results as well as cost. Through cooperation with experienced partners we are also in the position to offer mechanical design and production of the developed lenses. Since early 2008 we dispose of measuring equipment so we can do the quality control of manufactured lenses in house.<\/p>\n\n\t\t<\/div> \n\t<\/div> \n\t\t<\/div> \n\t<\/div> \n<\/div><div class=\"wpb_row vc_row-fluid\">\n\t<div class=\"vc_span12 wpb_column column_container\">\n\t\t<div class=\"wpb_wrapper\">\n\t\t\t<div class=\"vc_separator wpb_content_element vc_el_width_100 vc_sep_color_grey\">\n\t<span class=\"vc_sep_holder vc_sep_holder_l\"><span style=\"border-color:#333333;\" class=\"vc_sep_line\"><\/span><\/span>\n\t\t<span class=\"vc_sep_holder vc_sep_holder_r\"><span style=\"border-color:#333333;\" class=\"vc_sep_line\"><\/span><\/span>\n<\/div>\n\n\n\t\t<\/div> \n\t<\/div> \n<\/div><div class=\"wpb_row vc_row-fluid\">\n\t<div class=\"vc_span6 wpb_column column_container\">\n\t\t<div class=\"wpb_wrapper\">\n\t\t\t\n\t<div class=\"wpb_single_image wpb_content_element vc_align_left\">\n\t\t<div class=\"wpb_wrapper\">\n\t\t\t\n\t\t\t<img loading=\"lazy\" decoding=\"async\" width=\"791\" height=\"791\" src=\"https:\/\/www.k-s-optics.de\/wp-content\/uploads\/2014\/07\/ks-006.jpg\" class=\" vc_box_border_grey attachment-large\" alt=\"\" srcset=\"https:\/\/www.k-s-optics.de\/wp-content\/uploads\/2014\/07\/ks-006.jpg 791w, https:\/\/www.k-s-optics.de\/wp-content\/uploads\/2014\/07\/ks-006-150x150.jpg 150w, https:\/\/www.k-s-optics.de\/wp-content\/uploads\/2014\/07\/ks-006-300x300.jpg 300w\" sizes=\"auto, (max-width: 791px) 100vw, 791px\" \/>\n\t\t<\/div> \n\t<\/div> \n\t\t<\/div> \n\t<\/div> \n\n\t<div class=\"vc_span6 wpb_column column_container\">\n\t\t<div class=\"wpb_wrapper\">\n\t\t\t\n\t<div class=\"wpb_text_column wpb_content_element \">\n\t\t<div class=\"wpb_wrapper\">\n\t\t\t<h1>Lothar K\u00f6lsch<\/h1>\n\n\t\t<\/div> \n\t<\/div> \n\t<div class=\"wpb_accordion wpb_content_element  not-column-inherit\" data-collapsible=yes data-active-tab=\"2\">\n\t\t<div class=\"wpb_wrapper wpb_accordion_wrapper ui-accordion\">\n\t\t\t\n\t\t\t<div class=\"wpb_accordion_section group\">\n\t\t\t\t<h3 class=\"wpb_accordion_header ui-accordion-header\"><a href=\"#experience\">Experience<\/a><\/h3>\n\t\t\t\t<div class=\"wpb_accordion_content ui-accordion-content vc_clearfix\">\n\t\t\t\t\n\t<div class=\"wpb_text_column wpb_content_element \">\n\t\t<div class=\"wpb_wrapper\">\n\t\t\t<p><strong>From 2008<\/strong> additional shareholder-managing director K\u00f6lsch + Schr\u00f6der optische Systeme GmbH<br \/>\n<strong>From 2002 to 2013<\/strong> Partner of K\u00f6lsch + Schr\u00f6der PartG f\u00fcr Optikentwicklung<br \/>\nfocus on development of optics for all sensor formats \u2013 sport optics (binoculars, spectives, spotting scopes) \u2013 measuring and inspection systems (interferometer lenses, measuring lenses for the UV area) \u2013 microscope lenses.<\/p>\n<p><strong>From 1999 to 2002<\/strong> vice-president R&amp;D Leica Camera; responsible for the departments:<br \/>\n&#8211; optical design, mechanical design of photographic lenses<br \/>\n&#8211; electronics and electronic imaging<br \/>\n&#8211; sport optics, binoculars and spotting scopes<br \/>\n&#8211; camera development<\/p>\n<p><strong>From 1997<\/strong> in addition head of camera development at Leica Camera<\/p>\n<p><strong>From 1992<\/strong> in addition head of mechanical design of photographic lenses at Leica Camera; development of many products (lenses, binoculars, eye-pieces, illumination systems); project management; technical assistance to the shop; strategic planning of product programs for photography and binoculars<\/p>\n<p><strong>In 1990<\/strong> change to Leica Camera; set up of lens design department;<br \/>\ntraining of lens designers; setup of aspheric metrology<\/p>\n<p><strong>From 1986<\/strong> head of the lens design department for consumer optics at Wild Leitz Wetzlar; development of photographic lenses, mainly zoom lenses, and binoculars<\/p>\n<p><strong>From 1979<\/strong> lens designer at Carl Zeiss Oberkochen; focus on fundamentals of zoom lenses and development of photographic lenses<\/p>\n<p>Degree in geodesy from the University of Applied Sciences of Frankfurt in <strong>1978<\/strong><\/p>\n\n\t\t<\/div> \n\t<\/div> \n\t\t\t\t<\/div>\n\t\t\t<\/div> \n\n\t\t\t<div class=\"wpb_accordion_section group\">\n\t\t\t\t<h3 class=\"wpb_accordion_header ui-accordion-header\"><a href=\"#contact\">Contact<\/a><\/h3>\n\t\t\t\t<div class=\"wpb_accordion_content ui-accordion-content vc_clearfix\">\n\t\t\t\t\n\t<div class=\"wpb_text_column wpb_content_element \">\n\t\t<div class=\"wpb_wrapper\">\n\t\t\t<p><strong>Dipl. Ing. Lothar K\u00f6lsch<\/strong><\/p>\n<p>Tel: +49-(0)-2737 &#8211; 2 18 55 00<\/p>\n<p>Fax: +49-(0)-2737 &#8211; 2 18 55 01<\/p>\n<p>E-Mail: <a href=\"mailto:lk@k-s-optics.de\">lk@k-s-optics.de<\/a><\/p>\n\n\t\t<\/div> \n\t<\/div> \n\t\t\t\t<\/div>\n\t\t\t<\/div> \n\n\t\t<\/div> \n\t<\/div> \n\t\t<\/div> \n\t<\/div> \n<\/div><\/p>","protected":false},"excerpt":{"rendered":"We started our company on July 1st, 2002. This decision was triggered off by the wish to return to the \u201cmore interesting things\u201d in optics. Our work focuses on the design of lenses for applications in the fields of imaging, observation and illumination. Our approach is to bring together the personal experience that we have gained during many years of work in different companies in the field of optics. On the basis of this experience we feel well prepared not only for standard problems but also for tasks that make it necessary to leave the beaten track and find novel solutions. Our service is the layout, design and realization of optical systems. The development is done in close cooperation with the customer in order to achieve tailor-made solutions that are optimum with regard to technical results as well as cost. Through cooperation with experienced partners we are also in the position to offer mechanical design and production of the developed lenses. Since early 2008 we dispose of measuring equipment so we can do the quality control of manufactured lenses in house. Lothar K\u00f6lsch Experience From 2008 additional shareholder-managing director K\u00f6lsch + Schr\u00f6der optische Systeme GmbH From 2002 to 2013 Partner [...]","protected":false},"author":1,"featured_media":0,"parent":0,"menu_order":0,"comment_status":"closed","ping_status":"closed","template":"","meta":{"footnotes":""},"class_list":["post-11","page","type-page","status-publish","hentry"],"_links":{"self":[{"href":"https:\/\/www.k-s-optics.de\/en\/wp-json\/wp\/v2\/pages\/11","targetHints":{"allow":["GET"]}}],"collection":[{"href":"https:\/\/www.k-s-optics.de\/en\/wp-json\/wp\/v2\/pages"}],"about":[{"href":"https:\/\/www.k-s-optics.de\/en\/wp-json\/wp\/v2\/types\/page"}],"author":[{"embeddable":true,"href":"https:\/\/www.k-s-optics.de\/en\/wp-json\/wp\/v2\/users\/1"}],"replies":[{"embeddable":true,"href":"https:\/\/www.k-s-optics.de\/en\/wp-json\/wp\/v2\/comments?post=11"}],"version-history":[{"count":0,"href":"https:\/\/www.k-s-optics.de\/en\/wp-json\/wp\/v2\/pages\/11\/revisions"}],"wp:attachment":[{"href":"https:\/\/www.k-s-optics.de\/en\/wp-json\/wp\/v2\/media?parent=11"}],"curies":[{"name":"wp","href":"https:\/\/api.w.org\/{rel}","templated":true}]}}